{"id":12,"date":"2011-10-17T11:02:44","date_gmt":"2011-10-17T11:02:44","guid":{"rendered":"http:\/\/massage-brandt.de\/?page_id=12"},"modified":"2024-11-28T20:58:36","modified_gmt":"2024-11-28T20:58:36","slug":"dorn-breuss","status":"publish","type":"page","link":"http:\/\/massage-brandt.de\/?page_id=12","title":{"rendered":"Dorn-Methode \/ Breuss-Massage"},"content":{"rendered":"<p>Die Dorn-Methode ist eine sanfte Behandlung von Wirbels\u00e4ule und Gelenke. Bei dieser Behandlung werden Fehlstellungen von Wirbel, in Verbindung mit speziellen Bewegungen des Patienten, wieder in die richtige Position gebracht, ohne das Sehnen, B\u00e4nder oder Muskeln besch\u00e4digt werden.<br \/>\nAuch Gelenke, bei denen sich aus unterschiedlichen Gr\u00fcnden, der Gelenkspalt vergr\u00f6\u00dfert hat, werden zusammengeschoben und gerichtet. Somit k\u00f6nnen z.B. Beinl\u00e4ngendifferenzen ausgeglichen werden und auch der Beckenschiefstand.<br \/>\nDer Patient ist hier gefordert, aktiv an seiner Heilung mitzuarbeiten und auch spezielle \u00dcbungen zur St\u00e4rkung der Sehnen, B\u00e4nder und Muskeln anzuwenden.<\/p>\n<p>Als Vorbereitung f\u00fcr die Dorn-Therapie kann die Breuss-Massage sehr hilfreich sein.<br \/>\nBei der Breuss-Massage entspannt die Muskulatur und die Wirbelkorrektur wird erleichtert.<br \/>\nDie Breuss-Massage kann eine Dehnung und Streckung der Wirbels\u00e4ule, sowie eine Regeneration von unterversorgten Bandscheiben einleiten. Ausgef\u00fchrt wird diese Massage mit Johanniskraut\u00f6l. Dieses \u00d6l wirkt schmerzlindernd, muskel- und nervenentspannend, entz\u00fcndungshemmend und abschwellend.<\/p>\n<p>Anwendungsgebiete: R\u00fcckenbeschwerden, Beckenschiefstand, Wirbelblockaden, ISG-Blockaden, Bandscheibenvorfall, Kopfschmerzen, Schwindel, Migr\u00e4ne u.v.m.<\/p>\n","protected":false},"excerpt":{"rendered":"<p>Die Dorn-Methode ist eine sanfte Behandlung von Wirbels\u00e4ule und Gelenke. Bei dieser Behandlung werden Fehlstellungen von Wirbel, in Verbindung mit speziellen Bewegungen des Patienten, wieder in die richtige Position gebracht, &hellip; <\/p>\n","protected":false},"author":1,"featured_media":282,"parent":0,"menu_order":10,"comment_status":"closed","ping_status":"closed","template":"","meta":{"footnotes":""},"class_list":["post-12","page","type-page","status-publish","has-post-thumbnail","hentry"],"_links":{"self":[{"href":"http:\/\/massage-brandt.de\/index.php?rest_route=\/wp\/v2\/pages\/12"}],"collection":[{"href":"http:\/\/massage-brandt.de\/index.php?rest_route=\/wp\/v2\/pages"}],"about":[{"href":"http:\/\/massage-brandt.de\/index.php?rest_route=\/wp\/v2\/types\/page"}],"author":[{"embeddable":true,"href":"http:\/\/massage-brandt.de\/index.php?rest_route=\/wp\/v2\/users\/1"}],"replies":[{"embeddable":true,"href":"http:\/\/massage-brandt.de\/index.php?rest_route=%2Fwp%2Fv2%2Fcomments&post=12"}],"version-history":[{"count":14,"href":"http:\/\/massage-brandt.de\/index.php?rest_route=\/wp\/v2\/pages\/12\/revisions"}],"predecessor-version":[{"id":194,"href":"http:\/\/massage-brandt.de\/index.php?rest_route=\/wp\/v2\/pages\/12\/revisions\/194"}],"wp:featuredmedia":[{"embeddable":true,"href":"http:\/\/massage-brandt.de\/index.php?rest_route=\/wp\/v2\/media\/282"}],"wp:attachment":[{"href":"http:\/\/massage-brandt.de\/index.php?rest_route=%2Fwp%2Fv2%2Fmedia&parent=12"}],"curies":[{"name":"wp","href":"https:\/\/api.w.org\/{rel}","templated":true}]}}