{"id":121,"date":"2018-01-18T13:31:41","date_gmt":"2018-01-18T13:31:41","guid":{"rendered":"http:\/\/massage-brandt.de\/?page_id=121"},"modified":"2024-11-28T20:59:26","modified_gmt":"2024-11-28T20:59:26","slug":"ueber-mich","status":"publish","type":"page","link":"http:\/\/massage-brandt.de\/?page_id=121","title":{"rendered":"\u00dcber mich"},"content":{"rendered":"<p>Als gelernte Speditionskauffrau machte ich nach 15 Jahren sitzender B\u00fcrot\u00e4tigkeit eine Umschulung zur Massagetherapeutin mit Fachqualifikation. Diese Arbeit, die mich auch selbst von jahrelangen R\u00fccken-, und Kopfschmerzen befreite, machte mir so viel Spa\u00df, dass ich meine Arbeit k\u00fcndigte und als freiberufliche Massagetherapeutin erstmal in verschiedenen Wellness-und Fitnesscenter arbeitete. In den letzten 10 Jahren habe ich sehr viele manuelle Therapieformen kennengelernt u.a. auch die Dorn-Methode.<br \/>\nDiese Wirbels\u00e4ulen-und Gelenktherapie hat mich so \u00fcberzeugt, das ich vor 2 Jahren meine Ausbildung zur Heilpraktikerin begonnen habe und im Dezember 2017 die Pr\u00fcfungen erfolgreich bestanden habe. Jetzt als Heilpraktikerin darf ich diese Therapie anwenden und ich freue mich darauf, unter anderem mit dieser Behandlung, vielen Menschen mit Gelenk-, und R\u00fcckenbeschwerden helfen zu k\u00f6nnen.<\/p>\n","protected":false},"excerpt":{"rendered":"<p>Als gelernte Speditionskauffrau machte ich nach 15 Jahren sitzender B\u00fcrot\u00e4tigkeit eine Umschulung zur Massagetherapeutin mit Fachqualifikation. Diese Arbeit, die mich auch selbst von jahrelangen R\u00fccken-, und Kopfschmerzen befreite, machte mir &hellip; <\/p>\n","protected":false},"author":1,"featured_media":270,"parent":0,"menu_order":80,"comment_status":"closed","ping_status":"closed","template":"","meta":{"footnotes":""},"class_list":["post-121","page","type-page","status-publish","has-post-thumbnail","hentry"],"_links":{"self":[{"href":"http:\/\/massage-brandt.de\/index.php?rest_route=\/wp\/v2\/pages\/121"}],"collection":[{"href":"http:\/\/massage-brandt.de\/index.php?rest_route=\/wp\/v2\/pages"}],"about":[{"href":"http:\/\/massage-brandt.de\/index.php?rest_route=\/wp\/v2\/types\/page"}],"author":[{"embeddable":true,"href":"http:\/\/massage-brandt.de\/index.php?rest_route=\/wp\/v2\/users\/1"}],"replies":[{"embeddable":true,"href":"http:\/\/massage-brandt.de\/index.php?rest_route=%2Fwp%2Fv2%2Fcomments&post=121"}],"version-history":[{"count":3,"href":"http:\/\/massage-brandt.de\/index.php?rest_route=\/wp\/v2\/pages\/121\/revisions"}],"predecessor-version":[{"id":235,"href":"http:\/\/massage-brandt.de\/index.php?rest_route=\/wp\/v2\/pages\/121\/revisions\/235"}],"wp:featuredmedia":[{"embeddable":true,"href":"http:\/\/massage-brandt.de\/index.php?rest_route=\/wp\/v2\/media\/270"}],"wp:attachment":[{"href":"http:\/\/massage-brandt.de\/index.php?rest_route=%2Fwp%2Fv2%2Fmedia&parent=121"}],"curies":[{"name":"wp","href":"https:\/\/api.w.org\/{rel}","templated":true}]}}