{"id":139,"date":"2018-01-28T09:02:22","date_gmt":"2018-01-28T09:02:22","guid":{"rendered":"http:\/\/massage-brandt.de\/?page_id=139"},"modified":"2024-11-28T20:44:31","modified_gmt":"2024-11-28T20:44:31","slug":"klassische-massage","status":"publish","type":"page","link":"http:\/\/massage-brandt.de\/?page_id=139","title":{"rendered":"Klassische Massage"},"content":{"rendered":"<p>Massage ist eine der nat\u00fcrlichsten Methoden, Erkrankungen vor zu beugen und unsere Gesundheit und Leistungskraft zu erhalten. Die Muskulatur wird gelockert, die Gelenke werden beweglicher und die Atmung intensiver. Die Wirbels\u00e4ule wird gest\u00e4rkt und gestaute Energien werden wieder ins Flie\u00dfen gebracht. Die Durchblutung der Haut verbessert sich und die Selbstheilungskr\u00e4fte werden angeregt.<\/p>\n<p>Wie entstehen die Muskelverh\u00e4rtungen?<br \/>\nMuskelverh\u00e4rtungen entstehen durch eine ununterbrochene Anspannung der Muskulatur. Ursachen k\u00f6nnen hier sein eine \u00dcberbelastung beim Sport, sowie eine stressbedingte oder zweckbedingte (arbeiten im Sitzen am Computer oder lange Autofahrten) h\u00e4ufig eingenommene Fehlhaltung. Weiterhin k\u00f6nnen diese Muskelverh\u00e4rtungen auch durch die Schonhaltung entstehen, z.B. bei Arthrose, Verletzungen oder einklemmen von Nerven.<\/p>\n<p>Um diese Muskelverh\u00e4rtungen zu behandeln ist eine Kombination aus Massage, Akupressur und speziellen Dehn\u00fcbungen eine sehr wirkungsvolle Ma\u00dfnahme. Akupressur f\u00f6rdert die Durchblutung und l\u00f6st die lokale Verspannung. Dehn\u00fcbungen wirken hier gezielt auf die verk\u00fcrzte Muskulatur, die wie z.B. den H\u00fcftbeuger und die R\u00fcckenmuskulatur beim zu h\u00e4ufigen Sitzen wieder entspannen und dehnen.<\/p>\n","protected":false},"excerpt":{"rendered":"<p>Massage ist eine der nat\u00fcrlichsten Methoden, Erkrankungen vor zu beugen und unsere Gesundheit und Leistungskraft zu erhalten. Die Muskulatur wird gelockert, die Gelenke werden beweglicher und die Atmung intensiver. Die &hellip; <\/p>\n","protected":false},"author":1,"featured_media":278,"parent":0,"menu_order":0,"comment_status":"closed","ping_status":"closed","template":"","meta":{"footnotes":""},"class_list":["post-139","page","type-page","status-publish","has-post-thumbnail","hentry"],"_links":{"self":[{"href":"http:\/\/massage-brandt.de\/index.php?rest_route=\/wp\/v2\/pages\/139"}],"collection":[{"href":"http:\/\/massage-brandt.de\/index.php?rest_route=\/wp\/v2\/pages"}],"about":[{"href":"http:\/\/massage-brandt.de\/index.php?rest_route=\/wp\/v2\/types\/page"}],"author":[{"embeddable":true,"href":"http:\/\/massage-brandt.de\/index.php?rest_route=\/wp\/v2\/users\/1"}],"replies":[{"embeddable":true,"href":"http:\/\/massage-brandt.de\/index.php?rest_route=%2Fwp%2Fv2%2Fcomments&post=139"}],"version-history":[{"count":4,"href":"http:\/\/massage-brandt.de\/index.php?rest_route=\/wp\/v2\/pages\/139\/revisions"}],"predecessor-version":[{"id":192,"href":"http:\/\/massage-brandt.de\/index.php?rest_route=\/wp\/v2\/pages\/139\/revisions\/192"}],"wp:featuredmedia":[{"embeddable":true,"href":"http:\/\/massage-brandt.de\/index.php?rest_route=\/wp\/v2\/media\/278"}],"wp:attachment":[{"href":"http:\/\/massage-brandt.de\/index.php?rest_route=%2Fwp%2Fv2%2Fmedia&parent=139"}],"curies":[{"name":"wp","href":"https:\/\/api.w.org\/{rel}","templated":true}]}}