{"id":145,"date":"2018-02-13T09:50:42","date_gmt":"2018-02-13T09:50:42","guid":{"rendered":"http:\/\/massage-brandt.de\/?page_id=145"},"modified":"2024-11-28T20:58:20","modified_gmt":"2024-11-28T20:58:20","slug":"fuss-reflexzonentherapie","status":"publish","type":"page","link":"http:\/\/massage-brandt.de\/?page_id=145","title":{"rendered":"Fu\u00df-Reflexzonentherapie"},"content":{"rendered":"<p>Durch eine gezielte Druckpunktmassage an den F\u00fc\u00dfen, werden K\u00f6rperorgane beeinflusst und sofort entsprechende Impulse weitergeleitet. Jeder Teil des K\u00f6rpers ist in einem Reflex der F\u00fc\u00dfe zu finden und sind als zentrale Schaltstelle zu sehen. Alles Geschehen in einer Zone steht in Wechselbeziehung zu dem entsprechenden Organ und der K\u00f6rperregion dieser Zone. Somit k\u00f6nnen Gelenkschmerzen, Kopfschmerzen, Wirbels\u00e4ulenleiden, Schlafst\u00f6rungen, Verkrampfungen, Verspannungen, Neuralgien, innere Organst\u00f6rungen, Energieabl\u00e4ufe im Organismus und Durchblutungsst\u00f6rungen behandelt werden.<\/p>\n","protected":false},"excerpt":{"rendered":"<p>Durch eine gezielte Druckpunktmassage an den F\u00fc\u00dfen, werden K\u00f6rperorgane beeinflusst und sofort entsprechende Impulse weitergeleitet. Jeder Teil des K\u00f6rpers ist in einem Reflex der F\u00fc\u00dfe zu finden und sind als &hellip; <\/p>\n","protected":false},"author":1,"featured_media":283,"parent":0,"menu_order":2,"comment_status":"closed","ping_status":"closed","template":"","meta":{"footnotes":""},"class_list":["post-145","page","type-page","status-publish","has-post-thumbnail","hentry"],"_links":{"self":[{"href":"http:\/\/massage-brandt.de\/index.php?rest_route=\/wp\/v2\/pages\/145"}],"collection":[{"href":"http:\/\/massage-brandt.de\/index.php?rest_route=\/wp\/v2\/pages"}],"about":[{"href":"http:\/\/massage-brandt.de\/index.php?rest_route=\/wp\/v2\/types\/page"}],"author":[{"embeddable":true,"href":"http:\/\/massage-brandt.de\/index.php?rest_route=\/wp\/v2\/users\/1"}],"replies":[{"embeddable":true,"href":"http:\/\/massage-brandt.de\/index.php?rest_route=%2Fwp%2Fv2%2Fcomments&post=145"}],"version-history":[{"count":5,"href":"http:\/\/massage-brandt.de\/index.php?rest_route=\/wp\/v2\/pages\/145\/revisions"}],"predecessor-version":[{"id":193,"href":"http:\/\/massage-brandt.de\/index.php?rest_route=\/wp\/v2\/pages\/145\/revisions\/193"}],"wp:featuredmedia":[{"embeddable":true,"href":"http:\/\/massage-brandt.de\/index.php?rest_route=\/wp\/v2\/media\/283"}],"wp:attachment":[{"href":"http:\/\/massage-brandt.de\/index.php?rest_route=%2Fwp%2Fv2%2Fmedia&parent=145"}],"curies":[{"name":"wp","href":"https:\/\/api.w.org\/{rel}","templated":true}]}}