{"id":172,"date":"2018-09-09T08:45:57","date_gmt":"2018-09-09T08:45:57","guid":{"rendered":"http:\/\/massage-brandt.de\/?page_id=172"},"modified":"2024-11-28T20:57:30","modified_gmt":"2024-11-28T20:57:30","slug":"golgi-punkt-schmerztherapie","status":"publish","type":"page","link":"http:\/\/massage-brandt.de\/?page_id=172","title":{"rendered":"Golgi-Punkt-Schmerztherapie"},"content":{"rendered":"<p>Ein Golgi-Punkt ist eine genau definierte Stelle, Strecke oder Fl\u00e4che an der die Muskelsehne mit ihrem Golgi-Sehnenapparat w\u00e4hrend der Behandlung gedr\u00fcckt wird. Der Golgi-Sehnenapparat mit seinen Rezeptoren befindet sich in den Sehnen aller Muskeln und sie messen permanent den dortigen Spannungszustand und melden diesen an das Nervensystem.<br \/>\nDer Golgi-Sehnenapparat geh\u00f6rt neben den anderen myofaszialen Rezeptoren zu den Propriozeptoren (diese gew\u00e4hrleisten die Wahrnehmung der Stellung und Bewegung des K\u00f6rpers im Raum. Durch sie gelangen Informationen \u00fcber Muskelspannung, Muskell\u00e4nge, Gelenkstellung und Bewegung zum Kleinhirn und zum Cortex, wo diese unbewusst verarbeitet werden).<br \/>\nBei einer zu pl\u00f6tzlich ansteigenden Muskelspannung \u2013 Kontraktion \u2013 bremst der Golgi-Sehnenapparat die \u00fcberm\u00e4\u00dfige Muskelspannung, so wie eine \u201eautogene Hemmung\u201c von innen heraus. Gleichzeitig aktiveren die Rezeptoren die Gegenspieler des betroffenen Muskels und dieser Nervenreiz geschieht mit einer Geschwindigkeit von 80-120 m\/Sek.<\/p>\n<p>Ursachen zur Entstehung der Schmerzen am Bewegungsapparat<br \/>\nZu 90% werden die Schmerzen durch akute und chronisch verk\u00fcrzte Muskeln verursacht plus verklebte und zusammengezogene Faszien. Auch Sehnen geh\u00f6ren zum faszialen Gewebe.<br \/>\nUrsachen hierf\u00fcr k\u00f6nnen sein:<br \/>\n&#8211;\tzu viel sitzen ( hier ist der H\u00fcftbeuger und die Bauchmuskulatur      betroffen)<\/p>\n<p>&#8211;\tallt\u00e4gliche, unbewusste berufliche Dauer- und Fehlbelastung in Verbindung mit Stress<\/p>\n<p>&#8211;\tuntrainierte, ungewohnte Be- und \u00dcberbelastung, z.B. exzessiver Sport, fehlende Dehn\u00fcbungen<\/p>\n<p>&#8211;\tSchonhaltung nach OPs, Verletzungen, Frakturen<\/p>\n<p>&#8211;\tvermehrte Abk\u00fchlung der Muskulatur<\/p>\n<p>&#8211;\tUngleichgewicht von Aktivit\u00e4t und Ruhe<\/p>\n<p>&#8211;\tpsychischer Stress durch \u00c4ngste, seelische Belastung oder Traumata <\/p>\n<p>&#8211;\tEntstehung einer potentiell struktursch\u00e4digenden Situation z.B. bei einem akuten \u201eHexenschuss\u201c mit extremen Muskelspann als \u201eBewegungsstopp\u201c<\/p>\n<p>Der Muskel ist nicht mehr in der Lage sich vollst\u00e4ndig zu entspannen und er befindet sich st\u00e4ndig in einem Ruhe-Hypertonus bzw. einer Restkontraktion. Dies hat zur Folge, dass die Sehne permanent \u00fcberdehnt ist und es kommt zu einer Reizung der Struktur um die Sehnenbefestigung am Gelenk. Es entsteht ein \u201eWARNSCHMERZ\u201c<br \/>\nWenn die o.g. Ursachen nicht ver\u00e4ndert werden, kann es hier zu weiteren Folgen kommen:<br \/>\n&#8211;\tPermanente st\u00e4rkere Schmerzen lokal am Muskel, in den Sehnen, Gelenken und deren faszialen Strukturen.<br \/>\n&#8211;\tBewegungseinschr\u00e4nkung am Gelenk<br \/>\n&#8211;\tEntstehung von Triggerpunkten im Muskelgewebe mit Ausstrahlungsschmerzen<br \/>\n&#8211;\tEntz\u00fcndungen z.b. Schleimbeutelentz\u00fcndung \u2013 Bursitis<br \/>\n&#8211;\tBesch\u00e4digung\/Riss der Sehne<br \/>\n&#8211;\tMinderdurchblutung<br \/>\n&#8211;\tMissempfindungen jeder Art bis hin zu Taubheitsgef\u00fchlen<br \/>\n&#8211;\tKraftlosigkeit<br \/>\n&#8211;\tUngleicher Muskelzug am Gelenk f\u00fcr zum statischen Ungleichgewicht im Gelenk bis hin zur Arthrose (oft erst nach vielen Jahren)<br \/>\nDurch die Golgi-Punkt-Schmerztherapie kann der physiologische Muskeltonus bzw. die optimale Muskelbalance wieder hergestellt werden und der chronische\/akute Hinweis-\/Warnschmerz kann verschwinden oder gesenkt werden.<br \/>\nUnterst\u00fctzend w\u00e4re es von Vorteil auf die Ern\u00e4hrung zu achten, \u00dcbergewicht zu reduzieren, Genu\u00dfmittel(gifte) wie Alkohol, Kaffee und Nikotin einzuschr\u00e4nken, Medikamenteneinnahme zu beobachten und sich viel zu bewegen \u2013 Denn Bewegung ist Medizin!<br \/>\nTherapieansatz:<br \/>\n&#8211;\tGolgi-Punkt-Schmerztherapie<br \/>\n&#8211;\tTriggerpunkttherapie<br \/>\n&#8211;\tSchr\u00f6pfkopfmassage<br \/>\n&#8211;\tDorn-Methode \/ Breuss-Massage<br \/>\n&#8211;\tTapen<\/p>\n","protected":false},"excerpt":{"rendered":"<p>Ein Golgi-Punkt ist eine genau definierte Stelle, Strecke oder Fl\u00e4che an der die Muskelsehne mit ihrem Golgi-Sehnenapparat w\u00e4hrend der Behandlung gedr\u00fcckt wird. Der Golgi-Sehnenapparat mit seinen Rezeptoren befindet sich in &hellip; <\/p>\n","protected":false},"author":1,"featured_media":326,"parent":0,"menu_order":5,"comment_status":"closed","ping_status":"closed","template":"","meta":{"footnotes":""},"class_list":["post-172","page","type-page","status-publish","has-post-thumbnail","hentry"],"_links":{"self":[{"href":"http:\/\/massage-brandt.de\/index.php?rest_route=\/wp\/v2\/pages\/172"}],"collection":[{"href":"http:\/\/massage-brandt.de\/index.php?rest_route=\/wp\/v2\/pages"}],"about":[{"href":"http:\/\/massage-brandt.de\/index.php?rest_route=\/wp\/v2\/types\/page"}],"author":[{"embeddable":true,"href":"http:\/\/massage-brandt.de\/index.php?rest_route=\/wp\/v2\/users\/1"}],"replies":[{"embeddable":true,"href":"http:\/\/massage-brandt.de\/index.php?rest_route=%2Fwp%2Fv2%2Fcomments&post=172"}],"version-history":[{"count":1,"href":"http:\/\/massage-brandt.de\/index.php?rest_route=\/wp\/v2\/pages\/172\/revisions"}],"predecessor-version":[{"id":176,"href":"http:\/\/massage-brandt.de\/index.php?rest_route=\/wp\/v2\/pages\/172\/revisions\/176"}],"wp:featuredmedia":[{"embeddable":true,"href":"http:\/\/massage-brandt.de\/index.php?rest_route=\/wp\/v2\/media\/326"}],"wp:attachment":[{"href":"http:\/\/massage-brandt.de\/index.php?rest_route=%2Fwp%2Fv2%2Fmedia&parent=172"}],"curies":[{"name":"wp","href":"https:\/\/api.w.org\/{rel}","templated":true}]}}