{"id":199,"date":"2023-08-01T14:37:46","date_gmt":"2023-08-01T14:37:46","guid":{"rendered":"http:\/\/massage-brandt.de\/?page_id=199"},"modified":"2024-11-28T20:52:37","modified_gmt":"2024-11-28T20:52:37","slug":"laserfrequenztherapie","status":"publish","type":"page","link":"http:\/\/massage-brandt.de\/?page_id=199","title":{"rendered":"Laserfrequenztherapie"},"content":{"rendered":"<p>Die Laserfrequenztherapie ist eine noch recht junge Therapieform. Diese komplement\u00e4rmedizinische Behandlungsform vereint energetische und hochtechnische Aspekte. Neben der Energiezuf\u00fchrung durch die Low-Level-Laser-Therapie k\u00f6nnen Frequenzen die fehlenden Informationen bei strukturellen oder funktionellen St\u00f6rungen liefern. Physiologische Wirkmechanismen der Low-Level-Lasertherapie: Entz\u00fcndungshemmend, Schmerzhemmend, Geweberegenerierend und Zirkulationsverbessernd. Anwendungsgebiete: bei Entz\u00fcndungen, muskul\u00e4re Verspannungen, Myofasziale Schmerzsyndrome, traumatischer und postoperativer Schmerz, Alternativ zur Akupunktur, Halswirbel- und Lendenwirbelsyndrome, Neuralgien, Arthrosen, Muskelfaser- und Bandrupturen, Knorpell\u00e4sionen, Schwindel, Tinnitus, Migr\u00e4ne und Chronische Lymph\u00f6deme<\/p>\n","protected":false},"excerpt":{"rendered":"<p>Die Laserfrequenztherapie ist eine noch recht junge Therapieform. Diese komplement\u00e4rmedizinische Behandlungsform vereint energetische und hochtechnische Aspekte. Neben der Energiezuf\u00fchrung durch die Low-Level-Laser-Therapie k\u00f6nnen Frequenzen die fehlenden Informationen bei strukturellen oder &hellip; <\/p>\n","protected":false},"author":1,"featured_media":276,"parent":0,"menu_order":0,"comment_status":"closed","ping_status":"closed","template":"","meta":{"footnotes":""},"class_list":["post-199","page","type-page","status-publish","has-post-thumbnail","hentry"],"_links":{"self":[{"href":"http:\/\/massage-brandt.de\/index.php?rest_route=\/wp\/v2\/pages\/199"}],"collection":[{"href":"http:\/\/massage-brandt.de\/index.php?rest_route=\/wp\/v2\/pages"}],"about":[{"href":"http:\/\/massage-brandt.de\/index.php?rest_route=\/wp\/v2\/types\/page"}],"author":[{"embeddable":true,"href":"http:\/\/massage-brandt.de\/index.php?rest_route=\/wp\/v2\/users\/1"}],"replies":[{"embeddable":true,"href":"http:\/\/massage-brandt.de\/index.php?rest_route=%2Fwp%2Fv2%2Fcomments&post=199"}],"version-history":[{"count":1,"href":"http:\/\/massage-brandt.de\/index.php?rest_route=\/wp\/v2\/pages\/199\/revisions"}],"predecessor-version":[{"id":200,"href":"http:\/\/massage-brandt.de\/index.php?rest_route=\/wp\/v2\/pages\/199\/revisions\/200"}],"wp:featuredmedia":[{"embeddable":true,"href":"http:\/\/massage-brandt.de\/index.php?rest_route=\/wp\/v2\/media\/276"}],"wp:attachment":[{"href":"http:\/\/massage-brandt.de\/index.php?rest_route=%2Fwp%2Fv2%2Fmedia&parent=199"}],"curies":[{"name":"wp","href":"https:\/\/api.w.org\/{rel}","templated":true}]}}