{"id":201,"date":"2023-08-01T14:45:58","date_gmt":"2023-08-01T14:45:58","guid":{"rendered":"http:\/\/massage-brandt.de\/?page_id=201"},"modified":"2024-11-28T20:55:50","modified_gmt":"2024-11-28T20:55:50","slug":"kinesiologisches-tapen","status":"publish","type":"page","link":"http:\/\/massage-brandt.de\/?page_id=201","title":{"rendered":"Kinesiologisches Tapen"},"content":{"rendered":"<p>Eine Tape-Anlage wirkt unterst\u00fctzend bei verletzten und verspannten Muskeln, B\u00e4ndern und Gelenken. Das elastische Tape stabilisiert, dehnt und l\u00f6st Verklebungen innerhalb der Faszien-Schichten. Anwendungsgebiete: u.a. bei ISG-Problematik, R\u00fcckenschmerzen, Gelenkschmerzen, Fersensporn, Muskelverspannungen&#8230;<\/p>\n","protected":false},"excerpt":{"rendered":"<p>Eine Tape-Anlage wirkt unterst\u00fctzend bei verletzten und verspannten Muskeln, B\u00e4ndern und Gelenken. Das elastische Tape stabilisiert, dehnt und l\u00f6st Verklebungen innerhalb der Faszien-Schichten. Anwendungsgebiete: u.a. bei ISG-Problematik, R\u00fcckenschmerzen, Gelenkschmerzen, Fersensporn, &hellip; <\/p>\n","protected":false},"author":1,"featured_media":325,"parent":0,"menu_order":0,"comment_status":"closed","ping_status":"closed","template":"","meta":{"footnotes":""},"class_list":["post-201","page","type-page","status-publish","has-post-thumbnail","hentry"],"_links":{"self":[{"href":"http:\/\/massage-brandt.de\/index.php?rest_route=\/wp\/v2\/pages\/201"}],"collection":[{"href":"http:\/\/massage-brandt.de\/index.php?rest_route=\/wp\/v2\/pages"}],"about":[{"href":"http:\/\/massage-brandt.de\/index.php?rest_route=\/wp\/v2\/types\/page"}],"author":[{"embeddable":true,"href":"http:\/\/massage-brandt.de\/index.php?rest_route=\/wp\/v2\/users\/1"}],"replies":[{"embeddable":true,"href":"http:\/\/massage-brandt.de\/index.php?rest_route=%2Fwp%2Fv2%2Fcomments&post=201"}],"version-history":[{"count":1,"href":"http:\/\/massage-brandt.de\/index.php?rest_route=\/wp\/v2\/pages\/201\/revisions"}],"predecessor-version":[{"id":202,"href":"http:\/\/massage-brandt.de\/index.php?rest_route=\/wp\/v2\/pages\/201\/revisions\/202"}],"wp:featuredmedia":[{"embeddable":true,"href":"http:\/\/massage-brandt.de\/index.php?rest_route=\/wp\/v2\/media\/325"}],"wp:attachment":[{"href":"http:\/\/massage-brandt.de\/index.php?rest_route=%2Fwp%2Fv2%2Fmedia&parent=201"}],"curies":[{"name":"wp","href":"https:\/\/api.w.org\/{rel}","templated":true}]}}