{"id":203,"date":"2023-08-01T14:53:22","date_gmt":"2023-08-01T14:53:22","guid":{"rendered":"http:\/\/massage-brandt.de\/?page_id=203"},"modified":"2024-11-28T21:35:32","modified_gmt":"2024-11-28T21:35:32","slug":"schuessler-salze","status":"publish","type":"page","link":"http:\/\/massage-brandt.de\/?page_id=203","title":{"rendered":"Sch\u00fc\u00dfler-Salze"},"content":{"rendered":"<p>Diese Salze regulieren den Mineralstoffhaushalt der Zellen und bringen diesen wieder ins nat\u00fcrliche Gleichgewicht. Sch\u00fc\u00dfler-Salze helfen bei der Behandlung zahlreicher Beschwerden. Viele Menschen setzen Sie aber auch vorbeugend oder als Kur ein.<\/p>\n","protected":false},"excerpt":{"rendered":"<p>Diese Salze regulieren den Mineralstoffhaushalt der Zellen und bringen diesen wieder ins nat\u00fcrliche Gleichgewicht. Sch\u00fc\u00dfler-Salze helfen bei der Behandlung zahlreicher Beschwerden. Viele Menschen setzen Sie aber auch vorbeugend oder als &hellip; <\/p>\n","protected":false},"author":1,"featured_media":330,"parent":0,"menu_order":0,"comment_status":"closed","ping_status":"closed","template":"","meta":{"footnotes":""},"class_list":["post-203","page","type-page","status-publish","has-post-thumbnail","hentry"],"_links":{"self":[{"href":"http:\/\/massage-brandt.de\/index.php?rest_route=\/wp\/v2\/pages\/203"}],"collection":[{"href":"http:\/\/massage-brandt.de\/index.php?rest_route=\/wp\/v2\/pages"}],"about":[{"href":"http:\/\/massage-brandt.de\/index.php?rest_route=\/wp\/v2\/types\/page"}],"author":[{"embeddable":true,"href":"http:\/\/massage-brandt.de\/index.php?rest_route=\/wp\/v2\/users\/1"}],"replies":[{"embeddable":true,"href":"http:\/\/massage-brandt.de\/index.php?rest_route=%2Fwp%2Fv2%2Fcomments&post=203"}],"version-history":[{"count":1,"href":"http:\/\/massage-brandt.de\/index.php?rest_route=\/wp\/v2\/pages\/203\/revisions"}],"predecessor-version":[{"id":204,"href":"http:\/\/massage-brandt.de\/index.php?rest_route=\/wp\/v2\/pages\/203\/revisions\/204"}],"wp:featuredmedia":[{"embeddable":true,"href":"http:\/\/massage-brandt.de\/index.php?rest_route=\/wp\/v2\/media\/330"}],"wp:attachment":[{"href":"http:\/\/massage-brandt.de\/index.php?rest_route=%2Fwp%2Fv2%2Fmedia&parent=203"}],"curies":[{"name":"wp","href":"https:\/\/api.w.org\/{rel}","templated":true}]}}