{"id":241,"date":"2024-05-25T16:00:57","date_gmt":"2024-05-25T16:00:57","guid":{"rendered":"http:\/\/massage-brandt.de\/?page_id=241"},"modified":"2024-11-28T20:54:53","modified_gmt":"2024-11-28T20:54:53","slug":"schroepfmassagen","status":"publish","type":"page","link":"http:\/\/massage-brandt.de\/?page_id=241","title":{"rendered":"Schr\u00f6pfmassagen"},"content":{"rendered":"<p>Schr\u00f6pfen ist eine klassische Ausleitungstherapie. Diese Art der Massage regt die Durchblutung, die Sauerstoffversorgung, den Stoffwechsel und den Lymphfluss an. Die Schr\u00f6pfgl\u00e4ser werden auf das schmerzende Bindegewebe aufgesetzt, ein Vakuum erzeugt und dann auf der einge\u00f6lten Haut \u00fcber eine bestimmte Fl\u00e4che verschoben. Das entlastet das Gewebe lokal und generell den Organismus.<\/p>\n","protected":false},"excerpt":{"rendered":"<p>Schr\u00f6pfen ist eine klassische Ausleitungstherapie. Diese Art der Massage regt die Durchblutung, die Sauerstoffversorgung, den Stoffwechsel und den Lymphfluss an. Die Schr\u00f6pfgl\u00e4ser werden auf das schmerzende Bindegewebe aufgesetzt, ein Vakuum &hellip; <\/p>\n","protected":false},"author":1,"featured_media":280,"parent":0,"menu_order":0,"comment_status":"closed","ping_status":"closed","template":"","meta":{"footnotes":""},"class_list":["post-241","page","type-page","status-publish","has-post-thumbnail","hentry"],"_links":{"self":[{"href":"http:\/\/massage-brandt.de\/index.php?rest_route=\/wp\/v2\/pages\/241"}],"collection":[{"href":"http:\/\/massage-brandt.de\/index.php?rest_route=\/wp\/v2\/pages"}],"about":[{"href":"http:\/\/massage-brandt.de\/index.php?rest_route=\/wp\/v2\/types\/page"}],"author":[{"embeddable":true,"href":"http:\/\/massage-brandt.de\/index.php?rest_route=\/wp\/v2\/users\/1"}],"replies":[{"embeddable":true,"href":"http:\/\/massage-brandt.de\/index.php?rest_route=%2Fwp%2Fv2%2Fcomments&post=241"}],"version-history":[{"count":1,"href":"http:\/\/massage-brandt.de\/index.php?rest_route=\/wp\/v2\/pages\/241\/revisions"}],"predecessor-version":[{"id":242,"href":"http:\/\/massage-brandt.de\/index.php?rest_route=\/wp\/v2\/pages\/241\/revisions\/242"}],"wp:featuredmedia":[{"embeddable":true,"href":"http:\/\/massage-brandt.de\/index.php?rest_route=\/wp\/v2\/media\/280"}],"wp:attachment":[{"href":"http:\/\/massage-brandt.de\/index.php?rest_route=%2Fwp%2Fv2%2Fmedia&parent=241"}],"curies":[{"name":"wp","href":"https:\/\/api.w.org\/{rel}","templated":true}]}}